{"id":2016,"date":"2024-12-13T09:50:58","date_gmt":"2024-12-13T08:50:58","guid":{"rendered":"https:\/\/bloomfus.com\/terms-and-conditions\/"},"modified":"2024-12-23T03:13:33","modified_gmt":"2024-12-23T02:13:33","slug":"condicions-generals","status":"publish","type":"page","link":"https:\/\/bloomfus.com\/ca\/condicions-generals\/","title":{"rendered":"Condicions generals"},"content":{"rendered":"\t\t<div data-elementor-type=\"wp-page\" data-elementor-id=\"2016\" class=\"elementor elementor-2016\" data-elementor-post-type=\"page\">\n\t\t\t\t<div class=\"elementor-element elementor-element-d82b3e1 elementor-repeater-item-ang_container_padding_2 e-flex e-con-boxed sk-none elementor-repeater-item-none elementor-repeater-item-none_hover e-con e-parent\" data-id=\"d82b3e1\" data-element_type=\"container\" data-settings=\"{&quot;ang_container_spacing_size&quot;:&quot;ang_container_padding_2&quot;,&quot;background_background&quot;:&quot;classic&quot;}\">\n\t\t\t\t\t<div class=\"e-con-inner\">\n\t\t\t\t<div class=\"elementor-element elementor-element-cfd3499 elementor-repeater-item-none elementor-repeater-item-none_hover elementor-widget elementor-widget-text-editor\" data-id=\"cfd3499\" data-element_type=\"widget\" data-widget_type=\"text-editor.default\">\n\t\t\t\t<div class=\"elementor-widget-container\">\n\t\t\t\t\t\t\t\t\t<p>Les presents Condicions generals de venda regulen les Comandes fetes a BLOOMFUS, S.L. (d\u2019ara en endavant, Bloomfus) pel Comprador i es convertiran autom\u00e0ticament en Contracte entre les parts, comen\u00e7ant a regir des del moment d\u2019acceptaci\u00f3 del Pressupost i\/o sol\u00b7licitud de Comanda. Aquest fet implica el coneixement previ i l\u2019acceptaci\u00f3 expressa i sense reserves del Comprador a les presents Condicions, que regiran en tots els seus termes, excepte si s\u2019indica el contrari de forma expressa en la Comanda o en el Pressupost; en aquest cas, aquestes \u00faltimes tindran prioritat.<\/p><p>Bloomfus, S.L., amb seu social al carrer de Sant Josep, 22, 08700 Igualada (Barcelona) i CIF B19373331, est\u00e0 inscrita en el Registre Mercantil de Barcelona, Tom 1000428227777, Foli 1, Fulla B 621275, Inscripci\u00f3 1.<\/p><h5>1. COMANDES<\/h5><p>Per al Comprador, les comandes s\u00f3n definitives des del moment del pagament de la paga i senyal. El Comprador no podr\u00e0 anul\u00b7lar la comanda efectuada si el producte en q\u00fcesti\u00f3 \u00e9s fabricat a mida o personalitzat exclusivament. Les comandes entre Bloomfus i els seus clients han de constar sempre per escrit mitjan\u00e7ant correu electr\u00f2nic per tal d\u2019evitar errors. En el cas d\u2019articles personalitzats o fets a mida, el Comprador pot consultar els terminis a info@bloomfus.com.<\/p><h5>2. PAGAMENTS<\/h5><p>Els pagaments es poden realitzar mitjan\u00e7ant transfer\u00e8ncia banc\u00e0ria o <em>bizum<\/em>. En cas de requerir un altre tipus de pagament, el Comprador pot contactar amb Bloomfus. La comanda no ser\u00e0 confirmada fins que l\u2019import acordat s\u2019hagi rebut en el compte de Bloomfus.<\/p><h5>3. ENTREGUES<\/h5><p>Els terminis de preparaci\u00f3 dels productes en estoc s\u00f3n de 3 a 5 dies des que s\u2019ha confirmat el pagament. En les comandes amb refer\u00e8ncies sense estoc, cal consultar la data indicada en la confirmaci\u00f3.<\/p><p>Aquestes dates poden variar i ser canviades sense previ av\u00eds. El termini de tr\u00e0nsit oscil\u00b7la de 3 a 15 dies laborables depenent de la regi\u00f3 o pa\u00eds de dest\u00ed i les condicions dins de la UE.<\/p><p>El Comprador declara haver-se assegurat que les condicions d\u2019acc\u00e9s al lloc de lliurament permeten el subministrament efectiu del producte sense equip especial. En cas que l\u2019entrega requereixi l\u2019\u00fas d\u2019equips espec\u00edfics (per exemple, muntac\u00e0rregues), el Comprador haur\u00e0 de tenir-lo operatiu. La mercaderia es subministrar\u00e0 a peu de carrer. Les despeses d\u2019entrega no inclouen muntatge, pujada a planta ni desembalatge. Si es necessiten aquests serveis, es pot consultar la disponibilitat i els costos a info@bloomfus.com. En cap cas, la impossibilitat material de procedir al lliurament dels productes permetr\u00e0 l\u2019anul\u00b7laci\u00f3 de la venda sense el consentiment de Bloomfus.<\/p><h5>4. DESPESES D\u2019ENVIAMENT<\/h5><p>Les despeses d\u2019enviament sempre estaran indicades en els pressupostos i comandes. Es pot optar per utilitzar el mitj\u00e0 de transport del Comprador.<\/p><p>En el cas d\u2019articles que es retiren pel Comprador o la seva empresa de transport, Bloomfus no t\u00e9 la responsabilitat en cas de danys, avaries o p\u00e8rdues de les mercaderies transportades un cop abandonin les instal\u00b7lacions.<\/p><h5>5. DEVOLUCIONS<\/h5><p>Bloomfus no accepta devolucions de mercaderia.<\/p><p>En la recepci\u00f3 de la mercaderia, abans de signar l\u2019albar\u00e0 de recepci\u00f3, el Comprador haur\u00e0 de revisar i confirmar el nombre de paquets i el seu estat. Si no es pogu\u00e9s revisar la mercaderia, s\u2019haur\u00e0 d\u2019indicar en l\u2019albar\u00e0 del transportista \u201cno conforme\u201d.<\/p><p>Qualsevol anomalia observada en l\u2019embalatge s\u2019ha d\u2019indicar a l\u2019\u201calbar\u00e0 d\u2019entrega\u201d del transportista o fer una foto en el mateix moment, ja que l\u2019ag\u00e8ncia de transport no accepta trencaments no informats en l\u2019esmentat albar\u00e0.<\/p><p>No s\u2019admetran incid\u00e8ncies que no hagin estat notificades a f\u00e0brica abans de les 48 hores des de la recepci\u00f3 de la mercaderia, mitjan\u00e7ant el correu <a href=\"mailto:info@bloomfus.com\">info@bloomfus.com<\/a>. All\u00e0 es podr\u00e0 indicar el motiu i adjuntar-hi fotografies.<\/p><p>Tota mercaderia amb defecte ser\u00e0 reposada i no abonada, excepte en el cas de no haver estoc suficient de la mateixa. En aquest cas, l\u2019import de l\u2019abonament es descomptar\u00e0 de la propera factura.<\/p><p>El Producte retornat s\u2019haur\u00e0 d\u2019entregar als transportistes en el mateix estat, en el seu embalatge original i amb tots els seus accessoris. No s\u2019acceptar\u00e0 cap devoluci\u00f3 espont\u00e0nia sense l\u2019acord de Bloomfus. Les entregues i recollides d\u2019incid\u00e8ncies es faran a peu de carrer.<\/p><p>Bloomfus no es far\u00e0 responsable de les devolucions que no arribin al seu magatzem.<\/p><p>Un cop arribi a les instal\u00b7lacions, s\u2019examinar\u00e0 el producte retornat i es comunicar\u00e0 per correu electr\u00f2nic en un termini raonable si es procedeix a la substituci\u00f3 del mateix.<\/p><p>Per tractar-se de productes artesanals, poden haver-hi petites variacions en tonalitats, formes i mides. Aquestes difer\u00e8ncies, ja que no influeixen en les caracter\u00edstiques b\u00e0siques dels productes i no afecten la seva qualitat, no podran justificar una cancel\u00b7laci\u00f3 de la comanda ni un rebuig de l\u2019entrega. Com que no es pot garantir una representaci\u00f3 exacta dels productes a la web o al cat\u00e0leg, Bloomfus no podr\u00e0 ser considerada responsable de la inexactitud de les fotografies que hi figuren.<\/p><h5>6. GARANTIA<\/h5><p>Tots els materials tenen una garantia d\u20191 any des de la data de la factura, sempre que sigui defecte de fabricaci\u00f3.<\/p><p>La garantia reempla\u00e7a o repara l\u2019article tantes vegades com sigui necessari a cost zero, per\u00f2 mai es retorna l\u2019import.<\/p><p><strong>Exclusi\u00f3:<\/strong> S\u2019exclouen de la present garantia els deterioraments i defectes provocats pel desgast normal o per un accident a causa d\u2019un factor extern (muntatge incorrecte, manteniment defectu\u00f3s, \u00fas inadequat, cat\u00e0strofe natural, etc.) o b\u00e9 per una modificaci\u00f3 del producte no prevista ni especificada per Bloomfus.<\/p><h5>7. FOR\u00c7A MAJOR O CAS FORTU\u00cfT<\/h5><p>Bloomfus no ser\u00e0 responsable per l\u2019incompliment total, incompliment defectu\u00f3s o retard en l\u2019acompliment de qualsevol de les obligacions a c\u00e0rrec seu que tinguin la causa en algun sup\u00f2sit de for\u00e7a major o cas fortu\u00eft. Les obligacions de termini que puguin existir quedaran suspeses en aquests casos durant tot el per\u00edode en qu\u00e8 es prolongui la situaci\u00f3 de for\u00e7a major o cas fortu\u00eft, reprenent-se el c\u00f2mput un cop desaparegui aquesta circumst\u00e0ncia.<\/p><h5>8. ATENCI\u00d3 AL CLIENT<\/h5><p>Si es t\u00e9 qualsevol dubte, suggeriment, reclamaci\u00f3 o es vol fer alguna consulta sobre el cat\u00e0leg, es pot contactar amb el servei d\u2019Atenci\u00f3 al Client de Bloomfus per qualsevol dels mitjans seg\u00fcents:<br \/>Per correu electr\u00f2nic a l\u2019adre\u00e7a: info@bloomfus.com<br \/>Per tel\u00e8fon al n\u00famero: +34 676 718 698<br \/>De conformitat amb el que preveu l\u2019article 27.3 de la Llei 11\/1998, de 9 de juliol, de protecci\u00f3 dels consumidors, s\u2019informa que a la seu social de Bloomfus S.L. hi ha fulls de reclamacions a disposici\u00f3.<\/p><p>Bloomfus, S.L. resoldr\u00e0 les reclamacions que li siguin dirigides el m\u00e9s r\u00e0pid possible i, en tot cas, abans del termini d\u2019un mes. En cas que aquesta reclamaci\u00f3 no es resolgui satisfact\u00f2riament, es podr\u00e0 accedir al sistema de resoluci\u00f3 extrajudicial de conflictes indicat en el punt anterior.<strong>\u00a0<\/strong><\/p><h5>9. LLEI APLICABLE<\/h5><p>La Llei aplicable al Contracte ser\u00e0 la Llei Espanyola sense perjudici dels casos en qu\u00e8 pugui ser aplicable de forma imperativa les lleis d&#8217;altres Estats.<\/p><h5>10. DRET DE DESISTIMENT<\/h5><p>El Comprador t\u00e9 dret a desistir d&#8217;aquest contracte en un termini de 14 dies naturals sense necessitat de justificaci\u00f3.<\/p><p>El termini de desistiment expirar\u00e0 als 14 dies naturals des del dia en qu\u00e8 el Comprador o un tercer indicat, diferent del transportista, va adquirir la possessi\u00f3 material dels b\u00e9ns.<\/p><p>Per exercir el dret de desistiment, el Comprador ha de notificar-ho a BLOOMFUS, S.L. \u2013 Carrer Sant Josep, 22, 08700 Igualada (Barcelona); +34 676 718 698; info@bloomfus.com. Cal incloure el nom, l\u2019adre\u00e7a completa, el n\u00famero de tel\u00e8fon i l\u2019adre\u00e7a de correu electr\u00f2nic, aix\u00ed com la decisi\u00f3 de desistir del contracte a trav\u00e9s d\u2019una declaraci\u00f3 inequ\u00edvoca.<\/p><p>El consumidor ser\u00e0 responsable d\u2019assumir els costos de devoluci\u00f3 del producte.<\/p><p><strong>Conseq\u00fc\u00e8ncies del desistiment:<\/strong> En cas de desistiment per part del Comprador, Bloomfus retornar\u00e0 tots els pagaments rebuts. Es podr\u00e0 retenir el reemborsament fins que s\u2019hagin rebut els b\u00e9ns.<\/p><p>Nom\u00e9s ser\u00e0 el Comprador responsable de la disminuci\u00f3 de valor dels b\u00e9ns resultant d&#8217;una manipulaci\u00f3 diferent a la necess\u00e0ria per establir la naturalesa, les caracter\u00edstiques i el funcionament dels b\u00e9ns.<\/p><p>El dret de desistiment no ser\u00e0 aplicable als contractes que es refereixin a:<br \/>a) El subministrament de b\u00e9ns confeccionats segons les especificacions del consumidor i usuari o clarament personalitzats.<\/p><p>b) El subministrament de b\u00e9ns que es puguin deteriorar o caducar r\u00e0pidament.<br \/>c) El subministrament de b\u00e9ns precintats que no siguin aptes per ser retornats per raons de protecci\u00f3 de la salut o d\u2019higiene i que hagin estat desprecintats despr\u00e9s de l\u2019entrega.<br \/>d) El subministrament d&#8217;enregistraments sonors o de v\u00eddeo precintats o de programes inform\u00e0tics precintats que hagin estat desprecintats pel consumidor i usuari despr\u00e9s de l\u2019entrega.<\/p>\t\t\t\t\t\t\t\t<\/div>\n\t\t\t\t<\/div>\n\t\t\t\t\t<\/div>\n\t\t\t\t<\/div>\n\t\t\t\t<\/div>\n\t\t","protected":false},"excerpt":{"rendered":"<p>Les presents Condicions generals de venda regulen les Comandes fetes a BLOOMFUS, S.L. (d\u2019ara en endavant, Bloomfus) pel Comprador i es convertiran autom\u00e0ticament en Contracte entre les parts, comen\u00e7ant a regir des del moment d\u2019acceptaci\u00f3 del Pressupost i\/o sol\u00b7licitud de Comanda. Aquest fet implica el coneixement previ i l\u2019acceptaci\u00f3 expressa i sense reserves del Comprador [&hellip;]<\/p>\n","protected":false},"author":4,"featured_media":0,"parent":0,"menu_order":0,"comment_status":"closed","ping_status":"closed","template":"","meta":{"_acf_changed":false,"footnotes":""},"class_list":["post-2016","page","type-page","status-publish","hentry"],"acf":[],"yoast_head":"<!-- This site is optimized with the Yoast SEO Premium plugin v23.9 (Yoast SEO v23.9) - https:\/\/yoast.com\/wordpress\/plugins\/seo\/ -->\n<title>Condicions generals - Bloomfus<\/title>\n<meta name=\"robots\" content=\"index, follow, max-snippet:-1, max-image-preview:large, max-video-preview:-1\" \/>\n<link rel=\"canonical\" href=\"https:\/\/bloomfus.com\/condicions-generals\/\" \/>\n<meta property=\"og:locale\" content=\"ca_ES\" \/>\n<meta property=\"og:type\" content=\"article\" \/>\n<meta property=\"og:title\" content=\"Condicions generals\" \/>\n<meta property=\"og:description\" content=\"Les presents Condicions generals de venda regulen les Comandes fetes a BLOOMFUS, S.L. (d\u2019ara en endavant, Bloomfus) pel Comprador i es convertiran autom\u00e0ticament en Contracte entre les parts, comen\u00e7ant a regir des del moment d\u2019acceptaci\u00f3 del Pressupost i\/o sol\u00b7licitud de Comanda. Aquest fet implica el coneixement previ i l\u2019acceptaci\u00f3 expressa i sense reserves del Comprador [&hellip;]\" \/>\n<meta property=\"og:url\" content=\"https:\/\/bloomfus.com\/condicions-generals\/\" \/>\n<meta property=\"og:site_name\" content=\"Bloomfus\" \/>\n<meta property=\"article:modified_time\" content=\"2024-12-23T02:13:33+00:00\" \/>\n<meta name=\"twitter:card\" content=\"summary_large_image\" \/>\n<meta name=\"twitter:label1\" content=\"Temps estimat de lectura\" \/>\n\t<meta name=\"twitter:data1\" content=\"8 minuts\" \/>\n<script type=\"application\/ld+json\" class=\"yoast-schema-graph\">{\"@context\":\"https:\/\/schema.org\",\"@graph\":[{\"@type\":\"WebPage\",\"@id\":\"https:\/\/bloomfus.com\/condicions-generals\/\",\"url\":\"https:\/\/bloomfus.com\/condicions-generals\/\",\"name\":\"Condicions generals - Bloomfus\",\"isPartOf\":{\"@id\":\"https:\/\/bloomfus.com\/#website\"},\"datePublished\":\"2024-12-13T08:50:58+00:00\",\"dateModified\":\"2024-12-23T02:13:33+00:00\",\"breadcrumb\":{\"@id\":\"https:\/\/bloomfus.com\/condicions-generals\/#breadcrumb\"},\"inLanguage\":\"ca\",\"potentialAction\":[{\"@type\":\"ReadAction\",\"target\":[\"https:\/\/bloomfus.com\/condicions-generals\/\"]}]},{\"@type\":\"BreadcrumbList\",\"@id\":\"https:\/\/bloomfus.com\/condicions-generals\/#breadcrumb\",\"itemListElement\":[{\"@type\":\"ListItem\",\"position\":1,\"name\":\"Home\",\"item\":\"https:\/\/bloomfus.com\/ca\/\"},{\"@type\":\"ListItem\",\"position\":2,\"name\":\"Condicions generals\"}]},{\"@type\":\"WebSite\",\"@id\":\"https:\/\/bloomfus.com\/#website\",\"url\":\"https:\/\/bloomfus.com\/\",\"name\":\"Bloomfus\",\"description\":\"Dissenyat per a una vida harmoniosa\",\"publisher\":{\"@id\":\"https:\/\/bloomfus.com\/#organization\"},\"potentialAction\":[{\"@type\":\"SearchAction\",\"target\":{\"@type\":\"EntryPoint\",\"urlTemplate\":\"https:\/\/bloomfus.com\/?s={search_term_string}\"},\"query-input\":{\"@type\":\"PropertyValueSpecification\",\"valueRequired\":true,\"valueName\":\"search_term_string\"}}],\"inLanguage\":\"ca\"},{\"@type\":\"Organization\",\"@id\":\"https:\/\/bloomfus.com\/#organization\",\"name\":\"Bloomfus\",\"url\":\"https:\/\/bloomfus.com\/\",\"logo\":{\"@type\":\"ImageObject\",\"inLanguage\":\"ca\",\"@id\":\"https:\/\/bloomfus.com\/#\/schema\/logo\/image\/\",\"url\":\"https:\/\/bloomfus.com\/wp-content\/uploads\/Untitled-1.svg\",\"contentUrl\":\"https:\/\/bloomfus.com\/wp-content\/uploads\/Untitled-1.svg\",\"width\":164,\"height\":110,\"caption\":\"Bloomfus\"},\"image\":{\"@id\":\"https:\/\/bloomfus.com\/#\/schema\/logo\/image\/\"}}]}<\/script>\n<!-- \/ Yoast SEO Premium plugin. -->","yoast_head_json":{"title":"Condicions generals - Bloomfus","robots":{"index":"index","follow":"follow","max-snippet":"max-snippet:-1","max-image-preview":"max-image-preview:large","max-video-preview":"max-video-preview:-1"},"canonical":"https:\/\/bloomfus.com\/condicions-generals\/","og_locale":"ca_ES","og_type":"article","og_title":"Condicions generals","og_description":"Les presents Condicions generals de venda regulen les Comandes fetes a BLOOMFUS, S.L. (d\u2019ara en endavant, Bloomfus) pel Comprador i es convertiran autom\u00e0ticament en Contracte entre les parts, comen\u00e7ant a regir des del moment d\u2019acceptaci\u00f3 del Pressupost i\/o sol\u00b7licitud de Comanda. Aquest fet implica el coneixement previ i l\u2019acceptaci\u00f3 expressa i sense reserves del Comprador [&hellip;]","og_url":"https:\/\/bloomfus.com\/condicions-generals\/","og_site_name":"Bloomfus","article_modified_time":"2024-12-23T02:13:33+00:00","twitter_card":"summary_large_image","twitter_misc":{"Temps estimat de lectura":"8 minuts"},"schema":{"@context":"https:\/\/schema.org","@graph":[{"@type":"WebPage","@id":"https:\/\/bloomfus.com\/condicions-generals\/","url":"https:\/\/bloomfus.com\/condicions-generals\/","name":"Condicions generals - Bloomfus","isPartOf":{"@id":"https:\/\/bloomfus.com\/#website"},"datePublished":"2024-12-13T08:50:58+00:00","dateModified":"2024-12-23T02:13:33+00:00","breadcrumb":{"@id":"https:\/\/bloomfus.com\/condicions-generals\/#breadcrumb"},"inLanguage":"ca","potentialAction":[{"@type":"ReadAction","target":["https:\/\/bloomfus.com\/condicions-generals\/"]}]},{"@type":"BreadcrumbList","@id":"https:\/\/bloomfus.com\/condicions-generals\/#breadcrumb","itemListElement":[{"@type":"ListItem","position":1,"name":"Home","item":"https:\/\/bloomfus.com\/ca\/"},{"@type":"ListItem","position":2,"name":"Condicions generals"}]},{"@type":"WebSite","@id":"https:\/\/bloomfus.com\/#website","url":"https:\/\/bloomfus.com\/","name":"Bloomfus","description":"Dissenyat per a una vida harmoniosa","publisher":{"@id":"https:\/\/bloomfus.com\/#organization"},"potentialAction":[{"@type":"SearchAction","target":{"@type":"EntryPoint","urlTemplate":"https:\/\/bloomfus.com\/?s={search_term_string}"},"query-input":{"@type":"PropertyValueSpecification","valueRequired":true,"valueName":"search_term_string"}}],"inLanguage":"ca"},{"@type":"Organization","@id":"https:\/\/bloomfus.com\/#organization","name":"Bloomfus","url":"https:\/\/bloomfus.com\/","logo":{"@type":"ImageObject","inLanguage":"ca","@id":"https:\/\/bloomfus.com\/#\/schema\/logo\/image\/","url":"https:\/\/bloomfus.com\/wp-content\/uploads\/Untitled-1.svg","contentUrl":"https:\/\/bloomfus.com\/wp-content\/uploads\/Untitled-1.svg","width":164,"height":110,"caption":"Bloomfus"},"image":{"@id":"https:\/\/bloomfus.com\/#\/schema\/logo\/image\/"}}]}},"_links":{"self":[{"href":"https:\/\/bloomfus.com\/ca\/wp-json\/wp\/v2\/pages\/2016","targetHints":{"allow":["GET"]}}],"collection":[{"href":"https:\/\/bloomfus.com\/ca\/wp-json\/wp\/v2\/pages"}],"about":[{"href":"https:\/\/bloomfus.com\/ca\/wp-json\/wp\/v2\/types\/page"}],"author":[{"embeddable":true,"href":"https:\/\/bloomfus.com\/ca\/wp-json\/wp\/v2\/users\/4"}],"replies":[{"embeddable":true,"href":"https:\/\/bloomfus.com\/ca\/wp-json\/wp\/v2\/comments?post=2016"}],"version-history":[{"count":5,"href":"https:\/\/bloomfus.com\/ca\/wp-json\/wp\/v2\/pages\/2016\/revisions"}],"predecessor-version":[{"id":2948,"href":"https:\/\/bloomfus.com\/ca\/wp-json\/wp\/v2\/pages\/2016\/revisions\/2948"}],"wp:attachment":[{"href":"https:\/\/bloomfus.com\/ca\/wp-json\/wp\/v2\/media?parent=2016"}],"curies":[{"name":"wp","href":"https:\/\/api.w.org\/{rel}","templated":true}]}}